{"id":8647,"date":"2023-04-02T05:15:33","date_gmt":"2023-04-02T05:15:33","guid":{"rendered":"http:\/\/192.168.0.235\/elevate\/?page_id=8647"},"modified":"2026-02-17T16:15:33","modified_gmt":"2026-02-17T16:15:33","slug":"aluminio","status":"publish","type":"page","link":"https:\/\/construccionescaret.com\/?page_id=8647","title":{"rendered":"Aluminio"},"content":{"rendered":"\t\t<div data-elementor-type=\"wp-page\" data-elementor-id=\"8647\" class=\"elementor elementor-8647\">\n\t\t\t\t\t\t<section class=\"elementor-section elementor-top-section elementor-element elementor-element-69518c80 elementor-reverse-mobile elementor-section-boxed elementor-section-height-default elementor-section-height-default\" data-id=\"69518c80\" data-element_type=\"section\" data-e-type=\"section\">\n\t\t\t\t\t\t<div class=\"elementor-container elementor-column-gap-default\">\n\t\t\t\t\t<div class=\"elementor-column elementor-col-33 elementor-top-column elementor-element elementor-element-646a174\" data-id=\"646a174\" data-element_type=\"column\" data-e-type=\"column\">\n\t\t\t<div class=\"elementor-widget-wrap elementor-element-populated\">\n\t\t\t\t\t\t<section class=\"elementor-section elementor-inner-section elementor-element elementor-element-8659381 elementor-section-boxed elementor-section-height-default elementor-section-height-default\" data-id=\"8659381\" data-element_type=\"section\" data-e-type=\"section\" data-settings=\"{&quot;background_background&quot;:&quot;classic&quot;}\">\n\t\t\t\t\t\t<div class=\"elementor-container elementor-column-gap-default\">\n\t\t\t\t\t<div class=\"elementor-column elementor-col-100 elementor-inner-column elementor-element elementor-element-1bbcea17\" data-id=\"1bbcea17\" data-element_type=\"column\" data-e-type=\"column\">\n\t\t\t<div class=\"elementor-widget-wrap elementor-element-populated\">\n\t\t\t\t\t\t<div class=\"elementor-element elementor-element-7e2a5010 elementor-widget elementor-widget-heading\" data-id=\"7e2a5010\" data-element_type=\"widget\" data-e-type=\"widget\" data-widget_type=\"heading.default\">\n\t\t\t\t\t<h5 class=\"elementor-heading-title elementor-size-default\">Our Services<\/h5>\t\t\t\t<\/div>\n\t\t\t\t<div class=\"elementor-element elementor-element-a2fe373 hfe-nav-menu__align-left elementor-widget elementor-widget-navigation-menu\" data-id=\"a2fe373\" data-element_type=\"widget\" data-e-type=\"widget\" data-settings=\"{&quot;menu_space_between_margin&quot;:{&quot;unit&quot;:&quot;px&quot;,&quot;size&quot;:15,&quot;sizes&quot;:[]},&quot;padding_horizontal_menu_item&quot;:{&quot;unit&quot;:&quot;px&quot;,&quot;size&quot;:25,&quot;sizes&quot;:[]},&quot;padding_horizontal_menu_item_tablet&quot;:{&quot;unit&quot;:&quot;px&quot;,&quot;size&quot;:&quot;&quot;,&quot;sizes&quot;:[]},&quot;padding_horizontal_menu_item_mobile&quot;:{&quot;unit&quot;:&quot;px&quot;,&quot;size&quot;:&quot;&quot;,&quot;sizes&quot;:[]},&quot;padding_vertical_menu_item&quot;:{&quot;unit&quot;:&quot;px&quot;,&quot;size&quot;:15,&quot;sizes&quot;:[]},&quot;padding_vertical_menu_item_tablet&quot;:{&quot;unit&quot;:&quot;px&quot;,&quot;size&quot;:&quot;&quot;,&quot;sizes&quot;:[]},&quot;padding_vertical_menu_item_mobile&quot;:{&quot;unit&quot;:&quot;px&quot;,&quot;size&quot;:&quot;&quot;,&quot;sizes&quot;:[]},&quot;menu_space_between_margin_tablet&quot;:{&quot;unit&quot;:&quot;px&quot;,&quot;size&quot;:&quot;&quot;,&quot;sizes&quot;:[]},&quot;menu_space_between_margin_mobile&quot;:{&quot;unit&quot;:&quot;px&quot;,&quot;size&quot;:&quot;&quot;,&quot;sizes&quot;:[]},&quot;meniu_border_radius&quot;:{&quot;unit&quot;:&quot;px&quot;,&quot;top&quot;:&quot;&quot;,&quot;right&quot;:&quot;&quot;,&quot;bottom&quot;:&quot;&quot;,&quot;left&quot;:&quot;&quot;,&quot;isLinked&quot;:true},&quot;meniu_border_radius_tablet&quot;:{&quot;unit&quot;:&quot;px&quot;,&quot;top&quot;:&quot;&quot;,&quot;right&quot;:&quot;&quot;,&quot;bottom&quot;:&quot;&quot;,&quot;left&quot;:&quot;&quot;,&quot;isLinked&quot;:true},&quot;meniu_border_radius_mobile&quot;:{&quot;unit&quot;:&quot;px&quot;,&quot;top&quot;:&quot;&quot;,&quot;right&quot;:&quot;&quot;,&quot;bottom&quot;:&quot;&quot;,&quot;left&quot;:&quot;&quot;,&quot;isLinked&quot;:true},&quot;dropdown_border_radius&quot;:{&quot;unit&quot;:&quot;px&quot;,&quot;top&quot;:&quot;&quot;,&quot;right&quot;:&quot;&quot;,&quot;bottom&quot;:&quot;&quot;,&quot;left&quot;:&quot;&quot;,&quot;isLinked&quot;:true},&quot;dropdown_border_radius_tablet&quot;:{&quot;unit&quot;:&quot;px&quot;,&quot;top&quot;:&quot;&quot;,&quot;right&quot;:&quot;&quot;,&quot;bottom&quot;:&quot;&quot;,&quot;left&quot;:&quot;&quot;,&quot;isLinked&quot;:true},&quot;dropdown_border_radius_mobile&quot;:{&quot;unit&quot;:&quot;px&quot;,&quot;top&quot;:&quot;&quot;,&quot;right&quot;:&quot;&quot;,&quot;bottom&quot;:&quot;&quot;,&quot;left&quot;:&quot;&quot;,&quot;isLinked&quot;:true},&quot;padding_horizontal_dropdown_item&quot;:{&quot;unit&quot;:&quot;px&quot;,&quot;size&quot;:&quot;&quot;,&quot;sizes&quot;:[]},&quot;padding_horizontal_dropdown_item_tablet&quot;:{&quot;unit&quot;:&quot;px&quot;,&quot;size&quot;:&quot;&quot;,&quot;sizes&quot;:[]},&quot;padding_horizontal_dropdown_item_mobile&quot;:{&quot;unit&quot;:&quot;px&quot;,&quot;size&quot;:&quot;&quot;,&quot;sizes&quot;:[]},&quot;padding_vertical_dropdown_item&quot;:{&quot;unit&quot;:&quot;px&quot;,&quot;size&quot;:15,&quot;sizes&quot;:[]},&quot;padding_vertical_dropdown_item_tablet&quot;:{&quot;unit&quot;:&quot;px&quot;,&quot;size&quot;:&quot;&quot;,&quot;sizes&quot;:[]},&quot;padding_vertical_dropdown_item_mobile&quot;:{&quot;unit&quot;:&quot;px&quot;,&quot;size&quot;:&quot;&quot;,&quot;sizes&quot;:[]}}\" data-widget_type=\"navigation-menu.default\">\n\t\t\t\t<div class=\"elementor-widget-container\">\n\t\t\t\t\t\t<div class=\"menu-area vertical expand-on-click separator_ \">         \r\n\t\t<div class=\"menu_one icon1 no\">\t\t\t\t\t\t\t \r\n\t\t\t<div class=\"col-cell menu-responsive  right_icon_yes left_icon_no\">  \r\n\t\t\t\t\t\t\t\t\t<nav class=\"nav navbar\">\r\n\t\t\t\t\t\t<div class=\"navbar-menu\">\r\n\t\t\t\t\t\t\t<ul id=\"menu-services-menu\" class=\"menu\"><li id=\"menu-item-8667\" class=\"menu-item menu-item-type-post_type menu-item-object-page menu-item-8667\"><a href=\"https:\/\/construccionescaret.com\/?page_id=8431\">Carpinter\u00eda<\/a><\/li>\n<li id=\"menu-item-8666\" class=\"menu-item menu-item-type-post_type menu-item-object-page menu-item-8666\"><a href=\"https:\/\/construccionescaret.com\/?page_id=8647\">Aluminio<\/a><\/li>\n<li id=\"menu-item-8662\" class=\"menu-item menu-item-type-post_type menu-item-object-page menu-item-8662\"><a href=\"https:\/\/construccionescaret.com\/?page_id=8646\">Fontaner\u00eda<\/a><\/li>\n<li id=\"menu-item-8665\" class=\"menu-item menu-item-type-post_type menu-item-object-page menu-item-8665\"><a href=\"https:\/\/construccionescaret.com\/?page_id=8648\">Electricidad<\/a><\/li>\n<li id=\"menu-item-8664\" class=\"menu-item menu-item-type-post_type menu-item-object-page menu-item-8664\"><a href=\"https:\/\/construccionescaret.com\/?page_id=8649\">Escayola<\/a><\/li>\n<li id=\"menu-item-8663\" class=\"menu-item menu-item-type-post_type menu-item-object-page menu-item-8663\"><a href=\"https:\/\/construccionescaret.com\/?page_id=8650\">Tejados<\/a><\/li>\n<\/ul>\t\t\t\t\t\t<\/div>\r\n\t\t\t\t\t<\/nav>\r\n\t\t\t\t\t\t\t\t<\/div>\t\t\t\r\n\t\t\t\r\n\t\t<div class=\"sidebarmenu-area text-right mobilehum \">                                    \r\n\t\t\t<ul class=\"offcanvas-icon layout-1\">\r\n\t\t\t\t\t<li class=\"nav-link-container center\"> \r\n\t\t\t\t\t\t<a href=\"#\" class=\"nav-menu-link menu-button\">\r\n\t\t\t\t\t\t\t<svg width=\"20\" height=\"16\" viewBox=\"0 0 20 16\" fill=\"none\" xmlns=\"http:\/\/www.w3.org\/2000\/svg\">\r\n\t\t\t\t\t\t\t\t<rect y=\"14\" width=\"18\" height=\"2\" fill=\"#ffffff\"><\/rect>\r\n\t\t\t\t\t\t\t\t<rect y=\"7\" width=\"18\" height=\"2\" fill=\"#ffffff\"><\/rect>\r\n\t\t\t\t\t\t\t\t<rect width=\"18\" height=\"2\" fill=\"#ffffff\"><\/rect>\r\n\t\t\t\t\t\t\t<\/svg>\r\n\t\t\t\t\t\t<\/a> \r\n\t\t\t\t\t<\/li>\r\n\t\t\t\t<\/ul>                                      \r\n\t\t<\/div>      \r\n\t\t<\/div>\r\n\t<\/div>\t\t \r\n\t\t\t\t\t<\/div>\n\t\t\t\t<\/div>\n\t\t\t\t\t<\/div>\n\t\t<\/div>\n\t\t\t\t\t<\/div>\n\t\t<\/section>\n\t\t\t\t\t<\/div>\n\t\t<\/div>\n\t\t\t\t<div class=\"elementor-column elementor-col-66 elementor-top-column elementor-element elementor-element-4291a57f\" data-id=\"4291a57f\" data-element_type=\"column\" data-e-type=\"column\">\n\t\t\t<div class=\"elementor-widget-wrap elementor-element-populated\">\n\t\t\t\t\t\t<div class=\"elementor-element elementor-element-2d78ca85 elementor-widget elementor-widget-image\" data-id=\"2d78ca85\" data-element_type=\"widget\" data-e-type=\"widget\" data-widget_type=\"image.default\">\n\t\t\t\t\t\t\t\t\t\t\t\t\t\t\t<img fetchpriority=\"high\" decoding=\"async\" width=\"1500\" height=\"844\" src=\"https:\/\/construccionescaret.com\/wp-content\/uploads\/2023\/04\/architectural-design-modish-software-application-architect-business-1.webp\" class=\"attachment-full size-full wp-image-8704\" alt=\"\" srcset=\"https:\/\/construccionescaret.com\/wp-content\/uploads\/2023\/04\/architectural-design-modish-software-application-architect-business-1.webp 1500w, https:\/\/construccionescaret.com\/wp-content\/uploads\/2023\/04\/architectural-design-modish-software-application-architect-business-1-600x338.webp 600w, https:\/\/construccionescaret.com\/wp-content\/uploads\/2023\/04\/architectural-design-modish-software-application-architect-business-1-300x169.webp 300w, https:\/\/construccionescaret.com\/wp-content\/uploads\/2023\/04\/architectural-design-modish-software-application-architect-business-1-1024x576.webp 1024w, https:\/\/construccionescaret.com\/wp-content\/uploads\/2023\/04\/architectural-design-modish-software-application-architect-business-1-768x432.webp 768w\" sizes=\"(max-width: 1500px) 100vw, 1500px\" \/>\t\t\t\t\t\t\t\t\t\t\t\t\t\t\t<\/div>\n\t\t\t\t<div class=\"elementor-element elementor-element-4fc635c elementor-widget elementor-widget-heading\" data-id=\"4fc635c\" data-element_type=\"widget\" data-e-type=\"widget\" data-widget_type=\"heading.default\">\n\t\t\t\t\t<h3 class=\"elementor-heading-title elementor-size-default\">Aluminio<\/h3>\t\t\t\t<\/div>\n\t\t\t\t<div class=\"elementor-element elementor-element-66676d41 elementor-widget elementor-widget-text-editor\" data-id=\"66676d41\" data-element_type=\"widget\" data-e-type=\"widget\" data-widget_type=\"text-editor.default\">\n\t\t\t\t\t\t\t\t\t<p>Trabajamos con aluminio para ofrecer soluciones duraderas y est\u00e9ticas en ventanas, puertas, cerramientos y estructuras. Combinamos dise\u00f1o moderno con resistencia, utilizando materiales de alta calidad y t\u00e9cnicas precisas. Cada proyecto se adapta a las necesidades del cliente, garantizando acabados elegantes y funcionales. Nos aseguramos de que cada instalaci\u00f3n sea segura, eficiente y de larga duraci\u00f3n.<\/p>\t\t\t\t\t\t\t\t<\/div>\n\t\t\t\t<section class=\"elementor-section elementor-inner-section elementor-element elementor-element-4be16bc2 elementor-section-boxed elementor-section-height-default elementor-section-height-default\" data-id=\"4be16bc2\" data-element_type=\"section\" data-e-type=\"section\">\n\t\t\t\t\t\t<div class=\"elementor-container elementor-column-gap-default\">\n\t\t\t\t\t<div class=\"elementor-column elementor-col-50 elementor-inner-column elementor-element elementor-element-28a869dc\" data-id=\"28a869dc\" data-element_type=\"column\" data-e-type=\"column\">\n\t\t\t<div class=\"elementor-widget-wrap elementor-element-populated\">\n\t\t\t\t\t\t<div class=\"elementor-element elementor-element-e873fe3 elementor-widget elementor-widget-icon-box\" data-id=\"e873fe3\" data-element_type=\"widget\" data-e-type=\"widget\" data-widget_type=\"icon-box.default\">\n\t\t\t\t\t\t\t<div class=\"elementor-icon-box-wrapper\">\n\n\t\t\t\n\t\t\t\t\t\t<div class=\"elementor-icon-box-content\">\n\n\t\t\t\t\t\t\t\t\t<h3 class=\"elementor-icon-box-title\">\n\t\t\t\t\t\t<span  >\n\t\t\t\t\t\t\tEstructuras a medida\t\t\t\t\t\t<\/span>\n\t\t\t\t\t<\/h3>\n\t\t\t\t\n\t\t\t\t\t\t\t\t\t<p class=\"elementor-icon-box-description\">\n\t\t\t\t\t\tAdaptadas a proyectos residenciales o comerciales con precisi\u00f3n.\t\t\t\t\t<\/p>\n\t\t\t\t\n\t\t\t<\/div>\n\t\t\t\n\t\t<\/div>\n\t\t\t\t\t\t<\/div>\n\t\t\t\t\t<\/div>\n\t\t<\/div>\n\t\t\t\t<div class=\"elementor-column elementor-col-50 elementor-inner-column elementor-element elementor-element-512cf16e\" data-id=\"512cf16e\" data-element_type=\"column\" data-e-type=\"column\">\n\t\t\t<div class=\"elementor-widget-wrap elementor-element-populated\">\n\t\t\t\t\t\t<div class=\"elementor-element elementor-element-22fca88 elementor-widget elementor-widget-icon-box\" data-id=\"22fca88\" data-element_type=\"widget\" data-e-type=\"widget\" data-widget_type=\"icon-box.default\">\n\t\t\t\t\t\t\t<div class=\"elementor-icon-box-wrapper\">\n\n\t\t\t\n\t\t\t\t\t\t<div class=\"elementor-icon-box-content\">\n\n\t\t\t\t\t\t\t\t\t<h3 class=\"elementor-icon-box-title\">\n\t\t\t\t\t\t<span  >\n\t\t\t\t\t\t\tVentanas y puertas de aluminio\t\t\t\t\t\t<\/span>\n\t\t\t\t\t<\/h3>\n\t\t\t\t\n\t\t\t\t\t\t\t\t\t<p class=\"elementor-icon-box-description\">\n\t\t\t\t\t\tAlta eficiencia y dise\u00f1o elegante para cualquier espacio.\t\t\t\t\t<\/p>\n\t\t\t\t\n\t\t\t<\/div>\n\t\t\t\n\t\t<\/div>\n\t\t\t\t\t\t<\/div>\n\t\t\t\t\t<\/div>\n\t\t<\/div>\n\t\t\t\t\t<\/div>\n\t\t<\/section>\n\t\t\t\t<section class=\"elementor-section elementor-inner-section elementor-element elementor-element-1e0d6dc4 elementor-section-boxed elementor-section-height-default elementor-section-height-default\" data-id=\"1e0d6dc4\" data-element_type=\"section\" data-e-type=\"section\">\n\t\t\t\t\t\t<div class=\"elementor-container elementor-column-gap-default\">\n\t\t\t\t\t<div class=\"elementor-column elementor-col-50 elementor-inner-column elementor-element elementor-element-49fb144c\" data-id=\"49fb144c\" data-element_type=\"column\" data-e-type=\"column\">\n\t\t\t<div class=\"elementor-widget-wrap elementor-element-populated\">\n\t\t\t\t\t\t<div class=\"elementor-element elementor-element-4919835 elementor-widget elementor-widget-icon-box\" data-id=\"4919835\" data-element_type=\"widget\" data-e-type=\"widget\" data-widget_type=\"icon-box.default\">\n\t\t\t\t\t\t\t<div class=\"elementor-icon-box-wrapper\">\n\n\t\t\t\n\t\t\t\t\t\t<div class=\"elementor-icon-box-content\">\n\n\t\t\t\t\t\t\t\t\t<h3 class=\"elementor-icon-box-title\">\n\t\t\t\t\t\t<span  >\n\t\t\t\t\t\t\tCerramientos y p\u00e9rgolas\t\t\t\t\t\t<\/span>\n\t\t\t\t\t<\/h3>\n\t\t\t\t\n\t\t\t\t\t\t\t\t\t<p class=\"elementor-icon-box-description\">\n\t\t\t\t\t\tProtecci\u00f3n y confort con acabados resistentes al exterior.\t\t\t\t\t<\/p>\n\t\t\t\t\n\t\t\t<\/div>\n\t\t\t\n\t\t<\/div>\n\t\t\t\t\t\t<\/div>\n\t\t\t\t\t<\/div>\n\t\t<\/div>\n\t\t\t\t<div class=\"elementor-column elementor-col-50 elementor-inner-column elementor-element elementor-element-359db6af\" data-id=\"359db6af\" data-element_type=\"column\" data-e-type=\"column\">\n\t\t\t<div class=\"elementor-widget-wrap elementor-element-populated\">\n\t\t\t\t\t\t<div class=\"elementor-element elementor-element-1dbfac0 elementor-widget elementor-widget-icon-box\" data-id=\"1dbfac0\" data-element_type=\"widget\" data-e-type=\"widget\" data-widget_type=\"icon-box.default\">\n\t\t\t\t\t\t\t<div class=\"elementor-icon-box-wrapper\">\n\n\t\t\t\n\t\t\t\t\t\t<div class=\"elementor-icon-box-content\">\n\n\t\t\t\t\t\t\t\t\t<h3 class=\"elementor-icon-box-title\">\n\t\t\t\t\t\t<span  >\n\t\t\t\t\t\t\tBarandillas y pasamanos\t\t\t\t\t\t<\/span>\n\t\t\t\t\t<\/h3>\n\t\t\t\t\n\t\t\t\t\t\t\t\t\t<p class=\"elementor-icon-box-description\">\n\t\t\t\t\t\tSeguridad y estilo combinados con materiales duraderos.\t\t\t\t\t<\/p>\n\t\t\t\t\n\t\t\t<\/div>\n\t\t\t\n\t\t<\/div>\n\t\t\t\t\t\t<\/div>\n\t\t\t\t\t<\/div>\n\t\t<\/div>\n\t\t\t\t\t<\/div>\n\t\t<\/section>\n\t\t\t\t<div class=\"elementor-element elementor-element-5b780050 elementor-widget elementor-widget-text-editor\" data-id=\"5b780050\" data-element_type=\"widget\" data-e-type=\"widget\" data-widget_type=\"text-editor.default\">\n\t\t\t\t\t\t\t\t\t<p data-start=\"1145\" data-end=\"1459\">Nuestro equipo se encarga de cada fase del proyecto: medici\u00f3n, dise\u00f1o, fabricaci\u00f3n e instalaci\u00f3n. Utilizamos perfiles de aluminio de primera calidad que garantizan resistencia y bajo mantenimiento. Trabajamos de manera eficiente, cumpliendo los plazos y superando expectativas en cada instalaci\u00f3n.<\/p>\t\t\t\t\t\t\t\t<\/div>\n\t\t\t\t<section class=\"elementor-section elementor-inner-section elementor-element elementor-element-3431d8b2 elementor-section-content-middle elementor-section-boxed elementor-section-height-default elementor-section-height-default\" data-id=\"3431d8b2\" data-element_type=\"section\" data-e-type=\"section\">\n\t\t\t\t\t\t<div class=\"elementor-container elementor-column-gap-default\">\n\t\t\t\t\t<div class=\"elementor-column elementor-col-50 elementor-inner-column elementor-element elementor-element-38d77556\" data-id=\"38d77556\" data-element_type=\"column\" data-e-type=\"column\">\n\t\t\t<div class=\"elementor-widget-wrap elementor-element-populated\">\n\t\t\t\t\t\t<div class=\"elementor-element elementor-element-38e2e6c0 elementor-widget elementor-widget-image\" data-id=\"38e2e6c0\" data-element_type=\"widget\" data-e-type=\"widget\" data-widget_type=\"image.default\">\n\t\t\t\t\t\t\t\t\t\t\t\t\t\t\t<img decoding=\"async\" width=\"386\" height=\"260\" src=\"https:\/\/construccionescaret.com\/wp-content\/uploads\/2023\/04\/16.webp\" class=\"attachment-large size-large wp-image-8494\" alt=\"\" srcset=\"https:\/\/construccionescaret.com\/wp-content\/uploads\/2023\/04\/16.webp 386w, https:\/\/construccionescaret.com\/wp-content\/uploads\/2023\/04\/16-300x202.webp 300w\" sizes=\"(max-width: 386px) 100vw, 386px\" \/>\t\t\t\t\t\t\t\t\t\t\t\t\t\t\t<\/div>\n\t\t\t\t\t<\/div>\n\t\t<\/div>\n\t\t\t\t<div class=\"elementor-column elementor-col-50 elementor-inner-column elementor-element elementor-element-5fc369b2\" data-id=\"5fc369b2\" data-element_type=\"column\" data-e-type=\"column\">\n\t\t\t<div class=\"elementor-widget-wrap elementor-element-populated\">\n\t\t\t\t\t\t<div class=\"elementor-element elementor-element-6bc9fa41 elementor-widget elementor-widget-react-heading\" data-id=\"6bc9fa41\" data-element_type=\"widget\" data-e-type=\"widget\" data-widget_type=\"react-heading.default\">\n\t\t\t\t<div class=\"elementor-widget-container\">\n\t\t\t\t\t\t  \r\n        <div class=\"react-heading default \">\r\n        \t<div class=\"title-inner no\">        \t\t      \t\t\r\n\t           \r\n\t\t\t\t<h4 class=\"title\" data-aos-delay=\"300\" data-aos=\"fade-up\" data-aos-duration=\"800\" data-aos-once=\"true\">Te aseguramos<\/h4>\t        <\/div>\r\n\t\t\t\t        \r\n\t        \t\r\n\t\t\t\t<div class=\"rt-button\">\r\n\r\n\t\t\t\t\t\t\t\t\t\t<a class=\"readon react_button elementor-animation-\" href=\"\" >\t\t\t\t\r\n\t\t\t\t\t\t<span >View More<\/span>\r\n\r\n\t\t\t\t\t\t\t\t\t\t\t<\/a>\r\n\r\n\t\t\t\t<\/div>\r\n\t            \r\n        <\/div>\r\n        \t\t\t\t<\/div>\n\t\t\t\t<\/div>\n\t\t\t\t<div class=\"elementor-element elementor-element-32eeed9f elementor-icon-list--layout-traditional elementor-list-item-link-full_width elementor-widget elementor-widget-icon-list\" data-id=\"32eeed9f\" data-element_type=\"widget\" data-e-type=\"widget\" data-widget_type=\"icon-list.default\">\n\t\t\t\t\t\t\t<ul class=\"elementor-icon-list-items\">\n\t\t\t\t\t\t\t<li class=\"elementor-icon-list-item\">\n\t\t\t\t\t\t\t\t\t\t\t<span class=\"elementor-icon-list-icon\">\n\t\t\t\t\t\t\t<svg aria-hidden=\"true\" class=\"e-font-icon-svg e-far-check-circle\" viewBox=\"0 0 512 512\" xmlns=\"http:\/\/www.w3.org\/2000\/svg\"><path d=\"M256 8C119.033 8 8 119.033 8 256s111.033 248 248 248 248-111.033 248-248S392.967 8 256 8zm0 48c110.532 0 200 89.451 200 200 0 110.532-89.451 200-200 200-110.532 0-200-89.451-200-200 0-110.532 89.451-200 200-200m140.204 130.267l-22.536-22.718c-4.667-4.705-12.265-4.736-16.97-.068L215.346 303.697l-59.792-60.277c-4.667-4.705-12.265-4.736-16.97-.069l-22.719 22.536c-4.705 4.667-4.736 12.265-.068 16.971l90.781 91.516c4.667 4.705 12.265 4.736 16.97.068l172.589-171.204c4.704-4.668 4.734-12.266.067-16.971z\"><\/path><\/svg>\t\t\t\t\t\t<\/span>\n\t\t\t\t\t\t\t\t\t\t<span class=\"elementor-icon-list-text\">Material resistente y duradero<\/span>\n\t\t\t\t\t\t\t\t\t<\/li>\n\t\t\t\t\t\t\t\t<li class=\"elementor-icon-list-item\">\n\t\t\t\t\t\t\t\t\t\t\t<span class=\"elementor-icon-list-icon\">\n\t\t\t\t\t\t\t<svg aria-hidden=\"true\" class=\"e-font-icon-svg e-far-check-circle\" viewBox=\"0 0 512 512\" xmlns=\"http:\/\/www.w3.org\/2000\/svg\"><path d=\"M256 8C119.033 8 8 119.033 8 256s111.033 248 248 248 248-111.033 248-248S392.967 8 256 8zm0 48c110.532 0 200 89.451 200 200 0 110.532-89.451 200-200 200-110.532 0-200-89.451-200-200 0-110.532 89.451-200 200-200m140.204 130.267l-22.536-22.718c-4.667-4.705-12.265-4.736-16.97-.068L215.346 303.697l-59.792-60.277c-4.667-4.705-12.265-4.736-16.97-.069l-22.719 22.536c-4.705 4.667-4.736 12.265-.068 16.971l90.781 91.516c4.667 4.705 12.265 4.736 16.97.068l172.589-171.204c4.704-4.668 4.734-12.266.067-16.971z\"><\/path><\/svg>\t\t\t\t\t\t<\/span>\n\t\t\t\t\t\t\t\t\t\t<span class=\"elementor-icon-list-text\">Est\u00e9tica moderna y personalizable<\/span>\n\t\t\t\t\t\t\t\t\t<\/li>\n\t\t\t\t\t\t\t\t<li class=\"elementor-icon-list-item\">\n\t\t\t\t\t\t\t\t\t\t\t<span class=\"elementor-icon-list-icon\">\n\t\t\t\t\t\t\t<svg aria-hidden=\"true\" class=\"e-font-icon-svg e-far-check-circle\" viewBox=\"0 0 512 512\" xmlns=\"http:\/\/www.w3.org\/2000\/svg\"><path d=\"M256 8C119.033 8 8 119.033 8 256s111.033 248 248 248 248-111.033 248-248S392.967 8 256 8zm0 48c110.532 0 200 89.451 200 200 0 110.532-89.451 200-200 200-110.532 0-200-89.451-200-200 0-110.532 89.451-200 200-200m140.204 130.267l-22.536-22.718c-4.667-4.705-12.265-4.736-16.97-.068L215.346 303.697l-59.792-60.277c-4.667-4.705-12.265-4.736-16.97-.069l-22.719 22.536c-4.705 4.667-4.736 12.265-.068 16.971l90.781 91.516c4.667 4.705 12.265 4.736 16.97.068l172.589-171.204c4.704-4.668 4.734-12.266.067-16.971z\"><\/path><\/svg>\t\t\t\t\t\t<\/span>\n\t\t\t\t\t\t\t\t\t\t<span class=\"elementor-icon-list-text\">Instalaciones seguras y eficientes<\/span>\n\t\t\t\t\t\t\t\t\t<\/li>\n\t\t\t\t\t\t<\/ul>\n\t\t\t\t\t\t<\/div>\n\t\t\t\t\t<\/div>\n\t\t<\/div>\n\t\t\t\t\t<\/div>\n\t\t<\/section>\n\t\t\t\t\t<\/div>\n\t\t<\/div>\n\t\t\t\t\t<\/div>\n\t\t<\/section>\n\t\t\t\t<\/div>\n\t\t","protected":false},"excerpt":{"rendered":"<p>Our Services Carpinter\u00eda Aluminio Fontaner\u00eda Electricidad Escayola Tejados Aluminio Trabajamos con aluminio para ofrecer soluciones duraderas y est\u00e9ticas en ventanas, puertas, cerramientos y estructuras. Combinamos dise\u00f1o moderno con resistencia, utilizando materiales de alta calidad y t\u00e9cnicas precisas. Cada proyecto se adapta a las necesidades del cliente, garantizando acabados elegantes y funcionales. Nos aseguramos de que&#8230;<\/p>\n","protected":false},"author":1,"featured_media":0,"parent":0,"menu_order":0,"comment_status":"closed","ping_status":"closed","template":"","meta":{"_monsterinsights_skip_tracking":false,"_monsterinsights_sitenote_active":false,"_monsterinsights_sitenote_note":"","_monsterinsights_sitenote_category":0,"footnotes":""},"class_list":["post-8647","page","type-page","status-publish","hentry"],"aioseo_notices":[],"_links":{"self":[{"href":"https:\/\/construccionescaret.com\/index.php?rest_route=\/wp\/v2\/pages\/8647","targetHints":{"allow":["GET"]}}],"collection":[{"href":"https:\/\/construccionescaret.com\/index.php?rest_route=\/wp\/v2\/pages"}],"about":[{"href":"https:\/\/construccionescaret.com\/index.php?rest_route=\/wp\/v2\/types\/page"}],"author":[{"embeddable":true,"href":"https:\/\/construccionescaret.com\/index.php?rest_route=\/wp\/v2\/users\/1"}],"replies":[{"embeddable":true,"href":"https:\/\/construccionescaret.com\/index.php?rest_route=%2Fwp%2Fv2%2Fcomments&post=8647"}],"version-history":[{"count":5,"href":"https:\/\/construccionescaret.com\/index.php?rest_route=\/wp\/v2\/pages\/8647\/revisions"}],"predecessor-version":[{"id":10877,"href":"https:\/\/construccionescaret.com\/index.php?rest_route=\/wp\/v2\/pages\/8647\/revisions\/10877"}],"wp:attachment":[{"href":"https:\/\/construccionescaret.com\/index.php?rest_route=%2Fwp%2Fv2%2Fmedia&parent=8647"}],"curies":[{"name":"wp","href":"https:\/\/api.w.org\/{rel}","templated":true}]}}